{"id":85,"date":"2022-01-23T19:16:03","date_gmt":"2022-01-23T19:16:03","guid":{"rendered":"https:\/\/www.mekaendustriyel.com\/?page_id=85"},"modified":"2022-08-24T10:29:25","modified_gmt":"2022-08-24T10:29:25","slug":"iletisim","status":"publish","type":"page","link":"https:\/\/www.mekaendustriyel.com\/?page_id=85","title":{"rendered":"\u0130leti\u015fim"},"content":{"rendered":"\n<p><mark style=\"background-color:rgba(0, 0, 0, 0)\" class=\"has-inline-color has-headings-color\"><strong>MEKA \u00d6l\u00e7\u00fcm Cihazlar\u0131 ve End\u00fcstriyel \u00c7\u00f6z\u00fcmler Ltd. \u015eti.<\/strong><\/mark><\/p>\n\n\n\n<p><mark style=\"background-color:rgba(0, 0, 0, 0)\" class=\"has-inline-color has-headings-color\">Cafera\u011fa Mh. General As\u0131m G\u00fcnd\u00fcz Cd. Bahariye Plaza No:62\/2 Kad\u0131k\u00f6y \/ \u0130stanbul<\/mark><\/p>\n\n\n\n<p><mark style=\"background-color:rgba(0, 0, 0, 0)\" class=\"has-inline-color has-headings-color\">Tel\/Faks: +90 216 801 49 98<\/mark> <\/p>\n\n\n\n<p><mark style=\"background-color:rgba(0, 0, 0, 0)\" class=\"has-inline-color has-headings-color\">GSM:      +90 555 245 53 45<\/mark><\/p>\n\n\n\n<p><mark style=\"background-color:rgba(0, 0, 0, 0)\" class=\"has-inline-color has-headings-color\">Email: satis@mekaendustriyel.com <\/mark><\/p>\n\n\n\n<p>            <span class=\"has-inline-color has-headings-color\">servis@mekaendustriyel.com<\/span><\/p>\n\n\n\n<p><a href=\"http:\/\/www.mekaendustriyel.com\"><span class=\"has-inline-color has-headings-color\">http:\/\/www.mekaendustriyel.com<\/span><\/a><\/p>\n\n\n\n<p><\/p>\n","protected":false},"excerpt":{"rendered":"<p>MEKA \u00d6l\u00e7\u00fcm Cihazlar\u0131 ve End\u00fcstriyel \u00c7\u00f6z\u00fcmler Ltd. \u015eti. Cafera\u011fa Mh. General As\u0131m G\u00fcnd\u00fcz Cd. Bahariye Plaza No:62\/2 Kad\u0131k\u00f6y \/ \u0130stanbul<span class=\"excerpt-fade\"><\/span><\/p>\n","protected":false},"author":1,"featured_media":0,"parent":0,"menu_order":0,"comment_status":"closed","ping_status":"closed","template":"","meta":{"footnotes":""},"class_list":["post-85","page","type-page","status-publish","hentry"],"yoast_head":"<!-- This site is optimized with the Yoast SEO plugin v24.7 - https:\/\/yoast.com\/wordpress\/plugins\/seo\/ -->\n<title>\u0130leti\u015fim - Meka Endustriyel<\/title>\n<meta name=\"robots\" content=\"index, follow, max-snippet:-1, max-image-preview:large, max-video-preview:-1\" \/>\n<link rel=\"canonical\" href=\"https:\/\/www.mekaendustriyel.com\/?page_id=85\" \/>\n<meta property=\"og:locale\" content=\"tr_TR\" \/>\n<meta property=\"og:type\" content=\"article\" \/>\n<meta property=\"og:title\" content=\"\u0130leti\u015fim - Meka Endustriyel\" \/>\n<meta property=\"og:description\" content=\"MEKA \u00d6l\u00e7\u00fcm Cihazlar\u0131 ve End\u00fcstriyel \u00c7\u00f6z\u00fcmler Ltd. \u015eti. Cafera\u011fa Mh. General As\u0131m G\u00fcnd\u00fcz Cd. Bahariye Plaza No:62\/2 Kad\u0131k\u00f6y \/ \u0130stanbul\" \/>\n<meta property=\"og:url\" content=\"https:\/\/www.mekaendustriyel.com\/?page_id=85\" \/>\n<meta property=\"og:site_name\" content=\"Meka Endustriyel\" \/>\n<meta property=\"article:modified_time\" content=\"2022-08-24T10:29:25+00:00\" \/>\n<meta name=\"twitter:card\" content=\"summary_large_image\" \/>\n<meta name=\"twitter:label1\" content=\"Tahmini okuma s\u00fcresi\" \/>\n\t<meta name=\"twitter:data1\" content=\"1 dakika\" \/>\n<script type=\"application\/ld+json\" class=\"yoast-schema-graph\">{\"@context\":\"https:\/\/schema.org\",\"@graph\":[{\"@type\":\"WebPage\",\"@id\":\"https:\/\/www.mekaendustriyel.com\/?page_id=85\",\"url\":\"https:\/\/www.mekaendustriyel.com\/?page_id=85\",\"name\":\"\u0130leti\u015fim - Meka Endustriyel\",\"isPartOf\":{\"@id\":\"https:\/\/www.mekaendustriyel.com\/#website\"},\"datePublished\":\"2022-01-23T19:16:03+00:00\",\"dateModified\":\"2022-08-24T10:29:25+00:00\",\"breadcrumb\":{\"@id\":\"https:\/\/www.mekaendustriyel.com\/?page_id=85#breadcrumb\"},\"inLanguage\":\"tr\",\"potentialAction\":[{\"@type\":\"ReadAction\",\"target\":[\"https:\/\/www.mekaendustriyel.com\/?page_id=85\"]}]},{\"@type\":\"BreadcrumbList\",\"@id\":\"https:\/\/www.mekaendustriyel.com\/?page_id=85#breadcrumb\",\"itemListElement\":[{\"@type\":\"ListItem\",\"position\":1,\"name\":\"Anasayfa\",\"item\":\"https:\/\/www.mekaendustriyel.com\/\"},{\"@type\":\"ListItem\",\"position\":2,\"name\":\"\u0130leti\u015fim\"}]},{\"@type\":\"WebSite\",\"@id\":\"https:\/\/www.mekaendustriyel.com\/#website\",\"url\":\"https:\/\/www.mekaendustriyel.com\/\",\"name\":\"Meka Endustriyel\",\"description\":\"Meka Endustriyel\",\"potentialAction\":[{\"@type\":\"SearchAction\",\"target\":{\"@type\":\"EntryPoint\",\"urlTemplate\":\"https:\/\/www.mekaendustriyel.com\/?s={search_term_string}\"},\"query-input\":{\"@type\":\"PropertyValueSpecification\",\"valueRequired\":true,\"valueName\":\"search_term_string\"}}],\"inLanguage\":\"tr\"}]}<\/script>\n<!-- \/ Yoast SEO plugin. -->","yoast_head_json":{"title":"\u0130leti\u015fim - Meka Endustriyel","robots":{"index":"index","follow":"follow","max-snippet":"max-snippet:-1","max-image-preview":"max-image-preview:large","max-video-preview":"max-video-preview:-1"},"canonical":"https:\/\/www.mekaendustriyel.com\/?page_id=85","og_locale":"tr_TR","og_type":"article","og_title":"\u0130leti\u015fim - Meka Endustriyel","og_description":"MEKA \u00d6l\u00e7\u00fcm Cihazlar\u0131 ve End\u00fcstriyel \u00c7\u00f6z\u00fcmler Ltd. \u015eti. Cafera\u011fa Mh. General As\u0131m G\u00fcnd\u00fcz Cd. Bahariye Plaza No:62\/2 Kad\u0131k\u00f6y \/ \u0130stanbul","og_url":"https:\/\/www.mekaendustriyel.com\/?page_id=85","og_site_name":"Meka Endustriyel","article_modified_time":"2022-08-24T10:29:25+00:00","twitter_card":"summary_large_image","twitter_misc":{"Tahmini okuma s\u00fcresi":"1 dakika"},"schema":{"@context":"https:\/\/schema.org","@graph":[{"@type":"WebPage","@id":"https:\/\/www.mekaendustriyel.com\/?page_id=85","url":"https:\/\/www.mekaendustriyel.com\/?page_id=85","name":"\u0130leti\u015fim - Meka Endustriyel","isPartOf":{"@id":"https:\/\/www.mekaendustriyel.com\/#website"},"datePublished":"2022-01-23T19:16:03+00:00","dateModified":"2022-08-24T10:29:25+00:00","breadcrumb":{"@id":"https:\/\/www.mekaendustriyel.com\/?page_id=85#breadcrumb"},"inLanguage":"tr","potentialAction":[{"@type":"ReadAction","target":["https:\/\/www.mekaendustriyel.com\/?page_id=85"]}]},{"@type":"BreadcrumbList","@id":"https:\/\/www.mekaendustriyel.com\/?page_id=85#breadcrumb","itemListElement":[{"@type":"ListItem","position":1,"name":"Anasayfa","item":"https:\/\/www.mekaendustriyel.com\/"},{"@type":"ListItem","position":2,"name":"\u0130leti\u015fim"}]},{"@type":"WebSite","@id":"https:\/\/www.mekaendustriyel.com\/#website","url":"https:\/\/www.mekaendustriyel.com\/","name":"Meka Endustriyel","description":"Meka Endustriyel","potentialAction":[{"@type":"SearchAction","target":{"@type":"EntryPoint","urlTemplate":"https:\/\/www.mekaendustriyel.com\/?s={search_term_string}"},"query-input":{"@type":"PropertyValueSpecification","valueRequired":true,"valueName":"search_term_string"}}],"inLanguage":"tr"}]}},"_links":{"self":[{"href":"https:\/\/www.mekaendustriyel.com\/index.php?rest_route=\/wp\/v2\/pages\/85","targetHints":{"allow":["GET"]}}],"collection":[{"href":"https:\/\/www.mekaendustriyel.com\/index.php?rest_route=\/wp\/v2\/pages"}],"about":[{"href":"https:\/\/www.mekaendustriyel.com\/index.php?rest_route=\/wp\/v2\/types\/page"}],"author":[{"embeddable":true,"href":"https:\/\/www.mekaendustriyel.com\/index.php?rest_route=\/wp\/v2\/users\/1"}],"replies":[{"embeddable":true,"href":"https:\/\/www.mekaendustriyel.com\/index.php?rest_route=%2Fwp%2Fv2%2Fcomments&post=85"}],"version-history":[{"count":8,"href":"https:\/\/www.mekaendustriyel.com\/index.php?rest_route=\/wp\/v2\/pages\/85\/revisions"}],"predecessor-version":[{"id":356,"href":"https:\/\/www.mekaendustriyel.com\/index.php?rest_route=\/wp\/v2\/pages\/85\/revisions\/356"}],"wp:attachment":[{"href":"https:\/\/www.mekaendustriyel.com\/index.php?rest_route=%2Fwp%2Fv2%2Fmedia&parent=85"}],"curies":[{"name":"wp","href":"https:\/\/api.w.org\/{rel}","templated":true}]}}