{"id":83,"date":"2022-01-23T19:16:03","date_gmt":"2022-01-23T19:16:03","guid":{"rendered":"https:\/\/www.mekaendustriyel.com\/?page_id=83"},"modified":"2022-09-28T07:45:17","modified_gmt":"2022-09-28T07:45:17","slug":"uygulamalar","status":"publish","type":"page","link":"https:\/\/www.mekaendustriyel.com\/?page_id=83","title":{"rendered":"Uygulamalar"},"content":{"rendered":"\n<h4 class=\"wp-block-heading\"><mark style=\"background-color:rgba(0, 0, 0, 0)\" class=\"has-inline-color has-headings-color\"><strong>REFEX\u2122<\/strong><\/mark><strong><mark style=\"background-color:rgba(0, 0, 0, 0)\" class=\"has-inline-color has-headings-color\"> pH Elektrotlar\u0131n\u0131n Flok\u00fclasyon \u00dcnitesinde Yap\u0131lan Deneme \u00c7al\u0131\u015fmas\u0131<\/mark><\/strong><\/h4>\n\n\n\n<div class=\"wp-block-columns is-layout-flex wp-container-core-columns-is-layout-1 wp-block-columns-is-layout-flex\">\n<div class=\"wp-block-column is-layout-flow wp-block-column-is-layout-flow\">\n<figure class=\"wp-block-image size-full\"><img loading=\"lazy\" decoding=\"async\" width=\"626\" height=\"883\" src=\"https:\/\/www.mekaendustriyel.com\/wp-content\/uploads\/REFEX\u2122-pH-Elektrotlarinin-Flokulasyon-Unitesinde-Yapilan-Deneme-Calismasi-P1.jpg\" alt=\"\" class=\"wp-image-344\" srcset=\"https:\/\/www.mekaendustriyel.com\/wp-content\/uploads\/REFEX\u2122-pH-Elektrotlarinin-Flokulasyon-Unitesinde-Yapilan-Deneme-Calismasi-P1.jpg 626w, https:\/\/www.mekaendustriyel.com\/wp-content\/uploads\/REFEX\u2122-pH-Elektrotlarinin-Flokulasyon-Unitesinde-Yapilan-Deneme-Calismasi-P1-213x300.jpg 213w\" sizes=\"auto, (max-width: 626px) 100vw, 626px\" \/><\/figure>\n<\/div>\n\n\n\n<div class=\"wp-block-column is-layout-flow wp-block-column-is-layout-flow\">\n<figure class=\"wp-block-image size-full\"><img loading=\"lazy\" decoding=\"async\" width=\"624\" height=\"882\" src=\"https:\/\/www.mekaendustriyel.com\/wp-content\/uploads\/REFEX\u2122-pH-Elektrotlarinin-Flokulasyon-Unitesinde-Yapilan-Deneme-Calismasi-P2.jpg\" alt=\"\" class=\"wp-image-345\" srcset=\"https:\/\/www.mekaendustriyel.com\/wp-content\/uploads\/REFEX\u2122-pH-Elektrotlarinin-Flokulasyon-Unitesinde-Yapilan-Deneme-Calismasi-P2.jpg 624w, https:\/\/www.mekaendustriyel.com\/wp-content\/uploads\/REFEX\u2122-pH-Elektrotlarinin-Flokulasyon-Unitesinde-Yapilan-Deneme-Calismasi-P2-212x300.jpg 212w\" sizes=\"auto, (max-width: 624px) 100vw, 624px\" \/><\/figure>\n<\/div>\n<\/div>\n\n\n\n<h4 class=\"wp-block-heading\"><mark style=\"background-color:rgba(0, 0, 0, 0)\" class=\"has-inline-color has-headings-color\"><strong>Su Ar\u0131tma pH \u00d6l\u00e7\u00fcmleri i\u00e7in REFEX\u2122 Sistemleri<\/strong><\/mark><\/h4>\n\n\n\n<div class=\"wp-block-columns is-layout-flex wp-container-core-columns-is-layout-2 wp-block-columns-is-layout-flex\">\n<div class=\"wp-block-column is-layout-flow wp-block-column-is-layout-flow\">\n<figure class=\"wp-block-image size-full\"><img loading=\"lazy\" decoding=\"async\" width=\"502\" height=\"706\" src=\"https:\/\/www.mekaendustriyel.com\/wp-content\/uploads\/Su-Aritma-pH-Olcumleri-icin-REFEX\u2122-Sistemleri-P1.jpg\" alt=\"\" class=\"wp-image-349\" srcset=\"https:\/\/www.mekaendustriyel.com\/wp-content\/uploads\/Su-Aritma-pH-Olcumleri-icin-REFEX\u2122-Sistemleri-P1.jpg 502w, https:\/\/www.mekaendustriyel.com\/wp-content\/uploads\/Su-Aritma-pH-Olcumleri-icin-REFEX\u2122-Sistemleri-P1-213x300.jpg 213w\" sizes=\"auto, (max-width: 502px) 100vw, 502px\" \/><\/figure>\n<\/div>\n\n\n\n<div class=\"wp-block-column is-layout-flow wp-block-column-is-layout-flow\">\n<figure class=\"wp-block-image size-full\"><img loading=\"lazy\" decoding=\"async\" width=\"497\" height=\"703\" src=\"https:\/\/www.mekaendustriyel.com\/wp-content\/uploads\/Su-Aritma-pH-Olcumleri-icin-REFEX\u2122-Sistemleri-P2.jpg\" alt=\"\" class=\"wp-image-350\" srcset=\"https:\/\/www.mekaendustriyel.com\/wp-content\/uploads\/Su-Aritma-pH-Olcumleri-icin-REFEX\u2122-Sistemleri-P2.jpg 497w, https:\/\/www.mekaendustriyel.com\/wp-content\/uploads\/Su-Aritma-pH-Olcumleri-icin-REFEX\u2122-Sistemleri-P2-212x300.jpg 212w\" sizes=\"auto, (max-width: 497px) 100vw, 497px\" \/><\/figure>\n<\/div>\n\n\n\n<div class=\"wp-block-column is-layout-flow wp-block-column-is-layout-flow\">\n<figure class=\"wp-block-image size-full\"><img loading=\"lazy\" decoding=\"async\" width=\"500\" height=\"702\" src=\"https:\/\/www.mekaendustriyel.com\/wp-content\/uploads\/Su-Aritma-pH-Olcumleri-icin-REFEX\u2122-Sistemleri-P3.jpg\" alt=\"\" class=\"wp-image-351\" srcset=\"https:\/\/www.mekaendustriyel.com\/wp-content\/uploads\/Su-Aritma-pH-Olcumleri-icin-REFEX\u2122-Sistemleri-P3.jpg 500w, https:\/\/www.mekaendustriyel.com\/wp-content\/uploads\/Su-Aritma-pH-Olcumleri-icin-REFEX\u2122-Sistemleri-P3-214x300.jpg 214w\" sizes=\"auto, (max-width: 500px) 100vw, 500px\" \/><\/figure>\n<\/div>\n<\/div>\n\n\n\n<div class=\"wp-block-columns is-layout-flex wp-container-core-columns-is-layout-3 wp-block-columns-is-layout-flex\">\n<div class=\"wp-block-column is-layout-flow wp-block-column-is-layout-flow\">\n<figure class=\"wp-block-image size-full\"><img loading=\"lazy\" decoding=\"async\" width=\"499\" height=\"707\" src=\"https:\/\/www.mekaendustriyel.com\/wp-content\/uploads\/Su-Aritma-pH-Olcumleri-icin-REFEX\u2122-Sistemleri-P4.jpg\" alt=\"\" class=\"wp-image-352\" srcset=\"https:\/\/www.mekaendustriyel.com\/wp-content\/uploads\/Su-Aritma-pH-Olcumleri-icin-REFEX\u2122-Sistemleri-P4.jpg 499w, https:\/\/www.mekaendustriyel.com\/wp-content\/uploads\/Su-Aritma-pH-Olcumleri-icin-REFEX\u2122-Sistemleri-P4-212x300.jpg 212w\" sizes=\"auto, (max-width: 499px) 100vw, 499px\" \/><\/figure>\n<\/div>\n\n\n\n<div class=\"wp-block-column is-layout-flow wp-block-column-is-layout-flow\">\n<figure class=\"wp-block-image size-full\"><img loading=\"lazy\" decoding=\"async\" width=\"506\" height=\"700\" src=\"https:\/\/www.mekaendustriyel.com\/wp-content\/uploads\/Su-Aritma-pH-Olcumleri-icin-REFEX\u2122-Sistemleri-P5.jpg\" alt=\"\" class=\"wp-image-353\" srcset=\"https:\/\/www.mekaendustriyel.com\/wp-content\/uploads\/Su-Aritma-pH-Olcumleri-icin-REFEX\u2122-Sistemleri-P5.jpg 506w, https:\/\/www.mekaendustriyel.com\/wp-content\/uploads\/Su-Aritma-pH-Olcumleri-icin-REFEX\u2122-Sistemleri-P5-217x300.jpg 217w\" sizes=\"auto, (max-width: 506px) 100vw, 506px\" \/><\/figure>\n<\/div>\n\n\n\n<div class=\"wp-block-column is-layout-flow wp-block-column-is-layout-flow\"><\/div>\n<\/div>\n\n\n\n<h4 class=\"wp-block-heading\"><mark style=\"background-color:rgba(0, 0, 0, 0)\" class=\"has-inline-color has-headings-color\"><strong>Bak\u0131r Korozyon Oran\u0131 &amp; Bakiye Azol Konsantrasyonunun E\u015fzamanl\u0131 \u0130zlenmesi &#8211; Laboratuvar \u00c7al\u0131\u015fmas\u0131<\/strong><\/mark><\/h4>\n\n\n\n<div class=\"wp-block-columns is-layout-flex wp-container-core-columns-is-layout-4 wp-block-columns-is-layout-flex\">\n<div class=\"wp-block-column is-layout-flow wp-block-column-is-layout-flow\">\n<figure class=\"wp-block-gallery has-nested-images columns-default is-cropped wp-block-gallery-1 is-layout-flex wp-block-gallery-is-layout-flex\">\n<figure class=\"wp-block-image size-large\"><img loading=\"lazy\" decoding=\"async\" width=\"724\" height=\"1024\" src=\"https:\/\/www.mekaendustriyel.com\/wp-content\/uploads\/BAKRKO1-724x1024.jpg\" alt=\"\" class=\"wp-image-359\" srcset=\"https:\/\/www.mekaendustriyel.com\/wp-content\/uploads\/BAKRKO1-724x1024.jpg 724w, https:\/\/www.mekaendustriyel.com\/wp-content\/uploads\/BAKRKO1-212x300.jpg 212w, https:\/\/www.mekaendustriyel.com\/wp-content\/uploads\/BAKRKO1-768x1086.jpg 768w, https:\/\/www.mekaendustriyel.com\/wp-content\/uploads\/BAKRKO1-1086x1536.jpg 1086w, https:\/\/www.mekaendustriyel.com\/wp-content\/uploads\/BAKRKO1-1448x2048.jpg 1448w, https:\/\/www.mekaendustriyel.com\/wp-content\/uploads\/BAKRKO1.jpg 1654w\" sizes=\"auto, (max-width: 724px) 100vw, 724px\" \/><\/figure>\n<\/figure>\n<\/div>\n\n\n\n<div class=\"wp-block-column is-layout-flow wp-block-column-is-layout-flow\">\n<figure class=\"wp-block-gallery has-nested-images columns-default is-cropped wp-block-gallery-2 is-layout-flex wp-block-gallery-is-layout-flex\">\n<figure class=\"wp-block-image size-large\"><img loading=\"lazy\" decoding=\"async\" width=\"724\" height=\"1024\" src=\"https:\/\/www.mekaendustriyel.com\/wp-content\/uploads\/BAKRKO2-724x1024.jpg\" alt=\"\" class=\"wp-image-360\" srcset=\"https:\/\/www.mekaendustriyel.com\/wp-content\/uploads\/BAKRKO2-724x1024.jpg 724w, https:\/\/www.mekaendustriyel.com\/wp-content\/uploads\/BAKRKO2-212x300.jpg 212w, https:\/\/www.mekaendustriyel.com\/wp-content\/uploads\/BAKRKO2-768x1086.jpg 768w, https:\/\/www.mekaendustriyel.com\/wp-content\/uploads\/BAKRKO2-1086x1536.jpg 1086w, https:\/\/www.mekaendustriyel.com\/wp-content\/uploads\/BAKRKO2-1448x2048.jpg 1448w, https:\/\/www.mekaendustriyel.com\/wp-content\/uploads\/BAKRKO2.jpg 1654w\" sizes=\"auto, (max-width: 724px) 100vw, 724px\" \/><\/figure>\n<\/figure>\n<\/div>\n\n\n\n<div class=\"wp-block-column is-layout-flow wp-block-column-is-layout-flow\">\n<figure class=\"wp-block-gallery has-nested-images columns-default is-cropped wp-block-gallery-3 is-layout-flex wp-block-gallery-is-layout-flex\">\n<figure class=\"wp-block-image size-large\"><img loading=\"lazy\" decoding=\"async\" width=\"724\" height=\"1024\" src=\"https:\/\/www.mekaendustriyel.com\/wp-content\/uploads\/BAKRKO3-724x1024.jpg\" alt=\"\" class=\"wp-image-361\" srcset=\"https:\/\/www.mekaendustriyel.com\/wp-content\/uploads\/BAKRKO3-724x1024.jpg 724w, https:\/\/www.mekaendustriyel.com\/wp-content\/uploads\/BAKRKO3-212x300.jpg 212w, https:\/\/www.mekaendustriyel.com\/wp-content\/uploads\/BAKRKO3-768x1086.jpg 768w, https:\/\/www.mekaendustriyel.com\/wp-content\/uploads\/BAKRKO3-1086x1536.jpg 1086w, https:\/\/www.mekaendustriyel.com\/wp-content\/uploads\/BAKRKO3-1448x2048.jpg 1448w, https:\/\/www.mekaendustriyel.com\/wp-content\/uploads\/BAKRKO3.jpg 1654w\" sizes=\"auto, (max-width: 724px) 100vw, 724px\" \/><\/figure>\n<\/figure>\n<\/div>\n<\/div>\n\n\n\n<h4 class=\"wp-block-heading\"><strong><mark style=\"background-color:rgba(0, 0, 0, 0)\" class=\"has-inline-color has-headings-color\">So\u011futma Suyu Sistemlerinde Floresan \u0130zleme Hakk\u0131nda Bilmeniz Gereken Her \u015eey<\/mark><\/strong><\/h4>\n\n\n\n<div class=\"wp-block-columns is-layout-flex wp-container-core-columns-is-layout-5 wp-block-columns-is-layout-flex\">\n<div class=\"wp-block-column is-layout-flow wp-block-column-is-layout-flow\">\n<figure class=\"wp-block-gallery has-nested-images columns-default is-cropped wp-block-gallery-4 is-layout-flex wp-block-gallery-is-layout-flex\">\n<figure class=\"wp-block-image size-large\"><img loading=\"lazy\" decoding=\"async\" width=\"724\" height=\"1024\" src=\"https:\/\/www.mekaendustriyel.com\/wp-content\/uploads\/SOA6E51-724x1024.jpg\" alt=\"\" class=\"wp-image-362\" srcset=\"https:\/\/www.mekaendustriyel.com\/wp-content\/uploads\/SOA6E51-724x1024.jpg 724w, https:\/\/www.mekaendustriyel.com\/wp-content\/uploads\/SOA6E51-212x300.jpg 212w, https:\/\/www.mekaendustriyel.com\/wp-content\/uploads\/SOA6E51-768x1086.jpg 768w, https:\/\/www.mekaendustriyel.com\/wp-content\/uploads\/SOA6E51-1086x1536.jpg 1086w, https:\/\/www.mekaendustriyel.com\/wp-content\/uploads\/SOA6E51-1448x2048.jpg 1448w, https:\/\/www.mekaendustriyel.com\/wp-content\/uploads\/SOA6E51.jpg 1654w\" sizes=\"auto, (max-width: 724px) 100vw, 724px\" \/><\/figure>\n<\/figure>\n<\/div>\n\n\n\n<div class=\"wp-block-column is-layout-flow wp-block-column-is-layout-flow\">\n<figure class=\"wp-block-gallery has-nested-images columns-default is-cropped wp-block-gallery-5 is-layout-flex wp-block-gallery-is-layout-flex\">\n<figure class=\"wp-block-image size-large\"><img loading=\"lazy\" decoding=\"async\" width=\"724\" height=\"1024\" src=\"https:\/\/www.mekaendustriyel.com\/wp-content\/uploads\/SO6D681-724x1024.jpg\" alt=\"\" class=\"wp-image-363\" srcset=\"https:\/\/www.mekaendustriyel.com\/wp-content\/uploads\/SO6D681-724x1024.jpg 724w, https:\/\/www.mekaendustriyel.com\/wp-content\/uploads\/SO6D681-212x300.jpg 212w, https:\/\/www.mekaendustriyel.com\/wp-content\/uploads\/SO6D681-768x1086.jpg 768w, https:\/\/www.mekaendustriyel.com\/wp-content\/uploads\/SO6D681-1086x1536.jpg 1086w, https:\/\/www.mekaendustriyel.com\/wp-content\/uploads\/SO6D681-1448x2048.jpg 1448w, https:\/\/www.mekaendustriyel.com\/wp-content\/uploads\/SO6D681.jpg 1654w\" sizes=\"auto, (max-width: 724px) 100vw, 724px\" \/><\/figure>\n<\/figure>\n<\/div>\n\n\n\n<div class=\"wp-block-column is-layout-flow wp-block-column-is-layout-flow\">\n<figure class=\"wp-block-gallery has-nested-images columns-default is-cropped wp-block-gallery-6 is-layout-flex wp-block-gallery-is-layout-flex\">\n<figure class=\"wp-block-image size-large\"><img loading=\"lazy\" decoding=\"async\" width=\"724\" height=\"1024\" src=\"https:\/\/www.mekaendustriyel.com\/wp-content\/uploads\/SOUTMA2-724x1024.jpg\" alt=\"\" class=\"wp-image-364\" srcset=\"https:\/\/www.mekaendustriyel.com\/wp-content\/uploads\/SOUTMA2-724x1024.jpg 724w, https:\/\/www.mekaendustriyel.com\/wp-content\/uploads\/SOUTMA2-212x300.jpg 212w, https:\/\/www.mekaendustriyel.com\/wp-content\/uploads\/SOUTMA2-768x1086.jpg 768w, https:\/\/www.mekaendustriyel.com\/wp-content\/uploads\/SOUTMA2-1086x1536.jpg 1086w, https:\/\/www.mekaendustriyel.com\/wp-content\/uploads\/SOUTMA2-1448x2048.jpg 1448w, https:\/\/www.mekaendustriyel.com\/wp-content\/uploads\/SOUTMA2.jpg 1654w\" sizes=\"auto, (max-width: 724px) 100vw, 724px\" \/><\/figure>\n<\/figure>\n<\/div>\n<\/div>\n\n\n\n<div class=\"wp-block-columns is-layout-flex wp-container-core-columns-is-layout-6 wp-block-columns-is-layout-flex\">\n<div class=\"wp-block-column is-layout-flow wp-block-column-is-layout-flow\">\n<figure class=\"wp-block-gallery has-nested-images columns-default is-cropped wp-block-gallery-7 is-layout-flex wp-block-gallery-is-layout-flex\">\n<figure class=\"wp-block-image size-large\"><img loading=\"lazy\" decoding=\"async\" width=\"724\" height=\"1024\" src=\"https:\/\/www.mekaendustriyel.com\/wp-content\/uploads\/SOB6491-724x1024.jpg\" alt=\"\" class=\"wp-image-365\" srcset=\"https:\/\/www.mekaendustriyel.com\/wp-content\/uploads\/SOB6491-724x1024.jpg 724w, https:\/\/www.mekaendustriyel.com\/wp-content\/uploads\/SOB6491-212x300.jpg 212w, https:\/\/www.mekaendustriyel.com\/wp-content\/uploads\/SOB6491-768x1086.jpg 768w, https:\/\/www.mekaendustriyel.com\/wp-content\/uploads\/SOB6491-1086x1536.jpg 1086w, https:\/\/www.mekaendustriyel.com\/wp-content\/uploads\/SOB6491-1448x2048.jpg 1448w, https:\/\/www.mekaendustriyel.com\/wp-content\/uploads\/SOB6491.jpg 1654w\" sizes=\"auto, (max-width: 724px) 100vw, 724px\" \/><\/figure>\n<\/figure>\n<\/div>\n\n\n\n<div class=\"wp-block-column is-layout-flow wp-block-column-is-layout-flow\">\n<figure class=\"wp-block-gallery has-nested-images columns-default is-cropped wp-block-gallery-8 is-layout-flex wp-block-gallery-is-layout-flex\">\n<figure class=\"wp-block-image size-large\"><img loading=\"lazy\" decoding=\"async\" width=\"724\" height=\"1024\" src=\"https:\/\/www.mekaendustriyel.com\/wp-content\/uploads\/SO61151-724x1024.jpg\" alt=\"\" class=\"wp-image-366\" srcset=\"https:\/\/www.mekaendustriyel.com\/wp-content\/uploads\/SO61151-724x1024.jpg 724w, https:\/\/www.mekaendustriyel.com\/wp-content\/uploads\/SO61151-212x300.jpg 212w, https:\/\/www.mekaendustriyel.com\/wp-content\/uploads\/SO61151-768x1086.jpg 768w, https:\/\/www.mekaendustriyel.com\/wp-content\/uploads\/SO61151-1086x1536.jpg 1086w, https:\/\/www.mekaendustriyel.com\/wp-content\/uploads\/SO61151-1448x2048.jpg 1448w, https:\/\/www.mekaendustriyel.com\/wp-content\/uploads\/SO61151.jpg 1654w\" sizes=\"auto, (max-width: 724px) 100vw, 724px\" \/><\/figure>\n<\/figure>\n<\/div>\n\n\n\n<div class=\"wp-block-column is-layout-flow wp-block-column-is-layout-flow\">\n<figure class=\"wp-block-gallery has-nested-images columns-default is-cropped wp-block-gallery-9 is-layout-flex wp-block-gallery-is-layout-flex\">\n<figure class=\"wp-block-image size-large\"><img loading=\"lazy\" decoding=\"async\" width=\"724\" height=\"1024\" src=\"https:\/\/www.mekaendustriyel.com\/wp-content\/uploads\/SOUTMA1-724x1024.jpg\" alt=\"\" class=\"wp-image-367\" srcset=\"https:\/\/www.mekaendustriyel.com\/wp-content\/uploads\/SOUTMA1-724x1024.jpg 724w, https:\/\/www.mekaendustriyel.com\/wp-content\/uploads\/SOUTMA1-212x300.jpg 212w, https:\/\/www.mekaendustriyel.com\/wp-content\/uploads\/SOUTMA1-768x1086.jpg 768w, https:\/\/www.mekaendustriyel.com\/wp-content\/uploads\/SOUTMA1-1086x1536.jpg 1086w, https:\/\/www.mekaendustriyel.com\/wp-content\/uploads\/SOUTMA1-1448x2048.jpg 1448w, https:\/\/www.mekaendustriyel.com\/wp-content\/uploads\/SOUTMA1.jpg 1654w\" sizes=\"auto, (max-width: 724px) 100vw, 724px\" \/><\/figure>\n<\/figure>\n<\/div>\n<\/div>\n\n\n\n<div class=\"wp-block-columns is-layout-flex wp-container-core-columns-is-layout-7 wp-block-columns-is-layout-flex\">\n<div class=\"wp-block-column is-layout-flow wp-block-column-is-layout-flow\">\n<figure class=\"wp-block-gallery has-nested-images columns-default is-cropped wp-block-gallery-10 is-layout-flex wp-block-gallery-is-layout-flex\">\n<figure class=\"wp-block-image size-large\"><img loading=\"lazy\" decoding=\"async\" width=\"724\" height=\"1024\" src=\"https:\/\/www.mekaendustriyel.com\/wp-content\/uploads\/SOUTMA3-724x1024.jpg\" alt=\"\" class=\"wp-image-368\" srcset=\"https:\/\/www.mekaendustriyel.com\/wp-content\/uploads\/SOUTMA3-724x1024.jpg 724w, https:\/\/www.mekaendustriyel.com\/wp-content\/uploads\/SOUTMA3-212x300.jpg 212w, https:\/\/www.mekaendustriyel.com\/wp-content\/uploads\/SOUTMA3-768x1086.jpg 768w, https:\/\/www.mekaendustriyel.com\/wp-content\/uploads\/SOUTMA3-1086x1536.jpg 1086w, https:\/\/www.mekaendustriyel.com\/wp-content\/uploads\/SOUTMA3-1448x2048.jpg 1448w, https:\/\/www.mekaendustriyel.com\/wp-content\/uploads\/SOUTMA3.jpg 1654w\" sizes=\"auto, (max-width: 724px) 100vw, 724px\" \/><\/figure>\n<\/figure>\n<\/div>\n\n\n\n<div class=\"wp-block-column is-layout-flow wp-block-column-is-layout-flow\">\n<figure class=\"wp-block-gallery has-nested-images columns-default is-cropped wp-block-gallery-11 is-layout-flex wp-block-gallery-is-layout-flex\">\n<figure class=\"wp-block-image size-large\"><img loading=\"lazy\" decoding=\"async\" width=\"724\" height=\"1024\" src=\"https:\/\/www.mekaendustriyel.com\/wp-content\/uploads\/SOUTMA4-724x1024.jpg\" alt=\"\" class=\"wp-image-369\" srcset=\"https:\/\/www.mekaendustriyel.com\/wp-content\/uploads\/SOUTMA4-724x1024.jpg 724w, https:\/\/www.mekaendustriyel.com\/wp-content\/uploads\/SOUTMA4-212x300.jpg 212w, https:\/\/www.mekaendustriyel.com\/wp-content\/uploads\/SOUTMA4-768x1086.jpg 768w, https:\/\/www.mekaendustriyel.com\/wp-content\/uploads\/SOUTMA4-1086x1536.jpg 1086w, https:\/\/www.mekaendustriyel.com\/wp-content\/uploads\/SOUTMA4-1448x2048.jpg 1448w, https:\/\/www.mekaendustriyel.com\/wp-content\/uploads\/SOUTMA4.jpg 1654w\" sizes=\"auto, (max-width: 724px) 100vw, 724px\" \/><\/figure>\n<\/figure>\n<\/div>\n\n\n\n<div class=\"wp-block-column is-layout-flow wp-block-column-is-layout-flow\"><\/div>\n<\/div>\n","protected":false},"excerpt":{"rendered":"<p>REFEX\u2122 pH Elektrotlar\u0131n\u0131n Flok\u00fclasyon \u00dcnitesinde Yap\u0131lan Deneme \u00c7al\u0131\u015fmas\u0131 Su Ar\u0131tma pH \u00d6l\u00e7\u00fcmleri i\u00e7in REFEX\u2122 Sistemleri Bak\u0131r Korozyon Oran\u0131 &amp; Bakiye<span class=\"excerpt-fade\"><\/span><\/p>\n","protected":false},"author":1,"featured_media":0,"parent":0,"menu_order":0,"comment_status":"closed","ping_status":"closed","template":"","meta":{"footnotes":""},"class_list":["post-83","page","type-page","status-publish","hentry"],"yoast_head":"<!-- This site is optimized with the Yoast SEO plugin v24.7 - https:\/\/yoast.com\/wordpress\/plugins\/seo\/ -->\n<title>Uygulamalar - Meka Endustriyel<\/title>\n<meta name=\"robots\" content=\"index, follow, max-snippet:-1, max-image-preview:large, max-video-preview:-1\" \/>\n<link rel=\"canonical\" href=\"https:\/\/www.mekaendustriyel.com\/?page_id=83\" \/>\n<meta property=\"og:locale\" content=\"tr_TR\" \/>\n<meta property=\"og:type\" content=\"article\" \/>\n<meta property=\"og:title\" content=\"Uygulamalar - Meka Endustriyel\" \/>\n<meta property=\"og:description\" content=\"REFEX\u2122 pH Elektrotlar\u0131n\u0131n Flok\u00fclasyon \u00dcnitesinde Yap\u0131lan Deneme \u00c7al\u0131\u015fmas\u0131 Su Ar\u0131tma pH \u00d6l\u00e7\u00fcmleri i\u00e7in REFEX\u2122 Sistemleri Bak\u0131r Korozyon Oran\u0131 &amp; Bakiye\" \/>\n<meta property=\"og:url\" content=\"https:\/\/www.mekaendustriyel.com\/?page_id=83\" \/>\n<meta property=\"og:site_name\" content=\"Meka Endustriyel\" \/>\n<meta property=\"article:modified_time\" content=\"2022-09-28T07:45:17+00:00\" \/>\n<meta property=\"og:image\" content=\"https:\/\/www.mekaendustriyel.com\/wp-content\/uploads\/BAKRKO1-724x1024.jpg\" \/>\n<meta name=\"twitter:card\" content=\"summary_large_image\" \/>\n<meta name=\"twitter:label1\" content=\"Tahmini okuma s\u00fcresi\" \/>\n\t<meta name=\"twitter:data1\" content=\"4 dakika\" \/>\n<script type=\"application\/ld+json\" class=\"yoast-schema-graph\">{\"@context\":\"https:\/\/schema.org\",\"@graph\":[{\"@type\":\"WebPage\",\"@id\":\"https:\/\/www.mekaendustriyel.com\/?page_id=83\",\"url\":\"https:\/\/www.mekaendustriyel.com\/?page_id=83\",\"name\":\"Uygulamalar - Meka Endustriyel\",\"isPartOf\":{\"@id\":\"https:\/\/www.mekaendustriyel.com\/#website\"},\"primaryImageOfPage\":{\"@id\":\"https:\/\/www.mekaendustriyel.com\/?page_id=83#primaryimage\"},\"image\":{\"@id\":\"https:\/\/www.mekaendustriyel.com\/?page_id=83#primaryimage\"},\"thumbnailUrl\":\"https:\/\/www.mekaendustriyel.com\/wp-content\/uploads\/BAKRKO1-724x1024.jpg\",\"datePublished\":\"2022-01-23T19:16:03+00:00\",\"dateModified\":\"2022-09-28T07:45:17+00:00\",\"breadcrumb\":{\"@id\":\"https:\/\/www.mekaendustriyel.com\/?page_id=83#breadcrumb\"},\"inLanguage\":\"tr\",\"potentialAction\":[{\"@type\":\"ReadAction\",\"target\":[\"https:\/\/www.mekaendustriyel.com\/?page_id=83\"]}]},{\"@type\":\"ImageObject\",\"inLanguage\":\"tr\",\"@id\":\"https:\/\/www.mekaendustriyel.com\/?page_id=83#primaryimage\",\"url\":\"https:\/\/www.mekaendustriyel.com\/wp-content\/uploads\/BAKRKO1.jpg\",\"contentUrl\":\"https:\/\/www.mekaendustriyel.com\/wp-content\/uploads\/BAKRKO1.jpg\",\"width\":1654,\"height\":2339},{\"@type\":\"BreadcrumbList\",\"@id\":\"https:\/\/www.mekaendustriyel.com\/?page_id=83#breadcrumb\",\"itemListElement\":[{\"@type\":\"ListItem\",\"position\":1,\"name\":\"Anasayfa\",\"item\":\"https:\/\/www.mekaendustriyel.com\/\"},{\"@type\":\"ListItem\",\"position\":2,\"name\":\"Uygulamalar\"}]},{\"@type\":\"WebSite\",\"@id\":\"https:\/\/www.mekaendustriyel.com\/#website\",\"url\":\"https:\/\/www.mekaendustriyel.com\/\",\"name\":\"Meka Endustriyel\",\"description\":\"Meka Endustriyel\",\"potentialAction\":[{\"@type\":\"SearchAction\",\"target\":{\"@type\":\"EntryPoint\",\"urlTemplate\":\"https:\/\/www.mekaendustriyel.com\/?s={search_term_string}\"},\"query-input\":{\"@type\":\"PropertyValueSpecification\",\"valueRequired\":true,\"valueName\":\"search_term_string\"}}],\"inLanguage\":\"tr\"}]}<\/script>\n<!-- \/ Yoast SEO plugin. -->","yoast_head_json":{"title":"Uygulamalar - Meka Endustriyel","robots":{"index":"index","follow":"follow","max-snippet":"max-snippet:-1","max-image-preview":"max-image-preview:large","max-video-preview":"max-video-preview:-1"},"canonical":"https:\/\/www.mekaendustriyel.com\/?page_id=83","og_locale":"tr_TR","og_type":"article","og_title":"Uygulamalar - Meka Endustriyel","og_description":"REFEX\u2122 pH Elektrotlar\u0131n\u0131n Flok\u00fclasyon \u00dcnitesinde Yap\u0131lan Deneme \u00c7al\u0131\u015fmas\u0131 Su Ar\u0131tma pH \u00d6l\u00e7\u00fcmleri i\u00e7in REFEX\u2122 Sistemleri Bak\u0131r Korozyon Oran\u0131 &amp; Bakiye","og_url":"https:\/\/www.mekaendustriyel.com\/?page_id=83","og_site_name":"Meka Endustriyel","article_modified_time":"2022-09-28T07:45:17+00:00","og_image":[{"url":"https:\/\/www.mekaendustriyel.com\/wp-content\/uploads\/BAKRKO1-724x1024.jpg","type":"","width":"","height":""}],"twitter_card":"summary_large_image","twitter_misc":{"Tahmini okuma s\u00fcresi":"4 dakika"},"schema":{"@context":"https:\/\/schema.org","@graph":[{"@type":"WebPage","@id":"https:\/\/www.mekaendustriyel.com\/?page_id=83","url":"https:\/\/www.mekaendustriyel.com\/?page_id=83","name":"Uygulamalar - Meka Endustriyel","isPartOf":{"@id":"https:\/\/www.mekaendustriyel.com\/#website"},"primaryImageOfPage":{"@id":"https:\/\/www.mekaendustriyel.com\/?page_id=83#primaryimage"},"image":{"@id":"https:\/\/www.mekaendustriyel.com\/?page_id=83#primaryimage"},"thumbnailUrl":"https:\/\/www.mekaendustriyel.com\/wp-content\/uploads\/BAKRKO1-724x1024.jpg","datePublished":"2022-01-23T19:16:03+00:00","dateModified":"2022-09-28T07:45:17+00:00","breadcrumb":{"@id":"https:\/\/www.mekaendustriyel.com\/?page_id=83#breadcrumb"},"inLanguage":"tr","potentialAction":[{"@type":"ReadAction","target":["https:\/\/www.mekaendustriyel.com\/?page_id=83"]}]},{"@type":"ImageObject","inLanguage":"tr","@id":"https:\/\/www.mekaendustriyel.com\/?page_id=83#primaryimage","url":"https:\/\/www.mekaendustriyel.com\/wp-content\/uploads\/BAKRKO1.jpg","contentUrl":"https:\/\/www.mekaendustriyel.com\/wp-content\/uploads\/BAKRKO1.jpg","width":1654,"height":2339},{"@type":"BreadcrumbList","@id":"https:\/\/www.mekaendustriyel.com\/?page_id=83#breadcrumb","itemListElement":[{"@type":"ListItem","position":1,"name":"Anasayfa","item":"https:\/\/www.mekaendustriyel.com\/"},{"@type":"ListItem","position":2,"name":"Uygulamalar"}]},{"@type":"WebSite","@id":"https:\/\/www.mekaendustriyel.com\/#website","url":"https:\/\/www.mekaendustriyel.com\/","name":"Meka Endustriyel","description":"Meka Endustriyel","potentialAction":[{"@type":"SearchAction","target":{"@type":"EntryPoint","urlTemplate":"https:\/\/www.mekaendustriyel.com\/?s={search_term_string}"},"query-input":{"@type":"PropertyValueSpecification","valueRequired":true,"valueName":"search_term_string"}}],"inLanguage":"tr"}]}},"_links":{"self":[{"href":"https:\/\/www.mekaendustriyel.com\/index.php?rest_route=\/wp\/v2\/pages\/83","targetHints":{"allow":["GET"]}}],"collection":[{"href":"https:\/\/www.mekaendustriyel.com\/index.php?rest_route=\/wp\/v2\/pages"}],"about":[{"href":"https:\/\/www.mekaendustriyel.com\/index.php?rest_route=\/wp\/v2\/types\/page"}],"author":[{"embeddable":true,"href":"https:\/\/www.mekaendustriyel.com\/index.php?rest_route=\/wp\/v2\/users\/1"}],"replies":[{"embeddable":true,"href":"https:\/\/www.mekaendustriyel.com\/index.php?rest_route=%2Fwp%2Fv2%2Fcomments&post=83"}],"version-history":[{"count":9,"href":"https:\/\/www.mekaendustriyel.com\/index.php?rest_route=\/wp\/v2\/pages\/83\/revisions"}],"predecessor-version":[{"id":372,"href":"https:\/\/www.mekaendustriyel.com\/index.php?rest_route=\/wp\/v2\/pages\/83\/revisions\/372"}],"wp:attachment":[{"href":"https:\/\/www.mekaendustriyel.com\/index.php?rest_route=%2Fwp%2Fv2%2Fmedia&parent=83"}],"curies":[{"name":"wp","href":"https:\/\/api.w.org\/{rel}","templated":true}]}}